{"id":17870,"date":"2020-08-19T20:35:55","date_gmt":"2020-08-19T18:35:55","guid":{"rendered":"https:\/\/siv-sketches.net\/?page_id=17870"},"modified":"2021-10-06T18:44:16","modified_gmt":"2021-10-06T16:44:16","slug":"chapter-15-part-2-vietnam-and-peace-movements","status":"publish","type":"page","link":"https:\/\/siv-sketches.net\/?page_id=17870","title":{"rendered":"Chapter 15 (Part 2) Vietnam war and Peace movements"},"content":{"rendered":"<div class=\"pdfprnt-buttons pdfprnt-buttons-page pdfprnt-top-right\"><a href=\"https:\/\/siv-sketches.net\/index.php?rest_route=wpv2pages17870&print=print\" class=\"pdfprnt-button pdfprnt-button-print\" target=\"_blank\"><img decoding=\"async\" src=\"https:\/\/siv-sketches.net\/wp-content\/plugins\/pdf-print\/images\/print.png\" alt=\"image_print\" title=\"Print Content\" \/><\/a><\/div>\n<div id=\"attachment_21238\" style=\"width: 307px\" class=\"wp-caption aligncenter fbx-instance\"><a class=\"fbx-link\" href=\"https:\/\/siv-sketches.net\/wp-content\/uploads\/2020\/11\/Dove_peace.svg_.png\"><img loading=\"lazy\" decoding=\"async\" aria-describedby=\"caption-attachment-21238\" class=\" wp-image-21238\" src=\"https:\/\/siv-sketches.net\/wp-content\/uploads\/2020\/11\/Dove_peace.svg_.png\" alt=\"\" width=\"297\" height=\"249\" srcset=\"https:\/\/siv-sketches.net\/wp-content\/uploads\/2020\/11\/Dove_peace.svg_-300x250.png 300w, https:\/\/siv-sketches.net\/wp-content\/uploads\/2020\/11\/Dove_peace.svg_-768x640.png 768w, https:\/\/siv-sketches.net\/wp-content\/uploads\/2020\/11\/Dove_peace.svg_-360x300.png 360w\" sizes=\"auto, (max-width: 297px) 100vw, 297px\" \/><\/a><p id=\"caption-attachment-21238\" class=\"wp-caption-text\">Dove of peace<\/p><\/div>\n<p>One evening in November 1969 Allyn and I were sitting around after dinner talking about a Vietnam War moratorium that was going to take place in Washington D.C. that very weekend, November 15. I suddenly said \u201cWhy don\u2019t we go?\u201d<\/p>\n<p>Allyn had a former colleague, who was the drama teacher before Regina, whom was te drama teacher knew. This very nice young woman, Cathy, now lived in D.C. with her husband who was an MD at Johns Hopkins Hospital. I knew Cathy somewhat too since she had been substituting before she got married and moved to Washington D.C. Allyn called her up that very evening and she said immediately \u201cDo come! You must.\u201d<\/p>\n<p>Even the drive down to D.C. was an experience. Anywhere you stopped for a cup of coffee or a snack there seemed to be nothing but people headed for the moratorium. The ambiance was something we had never seen on a U.S. expressway or anywhere in the States, people hugging each other from the sheer pleasure of meeting people who thought the way they did.<\/p>\n<p>The day began on a cold November morning with thousands and thousands of people gathered in a throng on the National Mall. Woolen hats, gloves and woolen scarves were seen all around us. We were supposed to assemble at the Washington Monument,&nbsp; but we were packed so tightly together that nobody could move at all. We had been expressly told to stick to the Mall so the mass of us would be clearly visible. In other words, we should not go over onto Pennsylvania Avenue. At some point though everybody realized that there was no way we could move at all towards the Washington Monument. Masses of people went over to Pennsylvania Avenue and finally we managed to move. There were Cathy, Allyn and I and some other friends and we were all freezing. We got a fairly good spot where we could see very well the singers and speakers up on the tribune in the center of the Mall. There were good loudspeakers and we heard quite well.<\/p>\n<p>Some of the time we were sitting down on the grass, but especially memorable were the moments when we were standing up, everybody holding hands and singing along with Pete Seeger: \u201cThat\u2019s all we are saying, let\u2019s give peace a chance\u201d. It was profoundly moving and we actually could barely believe that we almost missed an opportunity like this. Afterwards we found out that Ted and Norma had been there too as well as some other people we knew.<\/p>\n<p>I don\u2019t remember all the speakers, but there was oh so sadly lackluster George McGovern and the definitely not lackluster Bella Abzug, the outspoken feminist and anti-war activist from New York City who later became a U.S. congresswoman.<sup class='footnote'><a href='#fn-17870-1' id='fnref-17870-1' onclick='return fdfootnote_show(17870)'>1<\/a><\/sup><\/p>\n<p>I remember the singers more vividly and Pete Seeger was of course, as always, the most inspiring, since he made everybody sing along. He actually also made his appearance at a mini-demonstration and candle vigil we held in Mamaroneck a bit later on that winter. We could not thank him enough for that.<\/p>\n<p>Here there was the fabulous trio &#8220;Peter, Paul and Mary&#8221; (also in Mamaroneck in fact \u2013 amazing) and Joan Baez, all of them wonderful. You might see this as mass hysteria and I guess that is not really incorrect, but there are different kinds of mass hysteria. We were just so intensely happy to find all these soul brothers and sisters, the thousands and thousands who had come to D.C. just to express our hatred of war in general and the Vietnam War in particular. &nbsp;<\/p>\n<div id=\"attachment_29443\" style=\"width: 264px\" class=\"wp-caption alignleft\"><a href=\"https:\/\/siv-sketches.net\/wp-content\/uploads\/2021\/10\/Nov15LN-articleInline-C-400.jpg\"><img loading=\"lazy\" decoding=\"async\" aria-describedby=\"caption-attachment-29443\" class=\"size-medium wp-image-29443\" src=\"https:\/\/siv-sketches.net\/wp-content\/uploads\/2021\/10\/Nov15LN-articleInline-C-400-254x300.jpg\" alt=\"\" width=\"254\" height=\"300\" srcset=\"https:\/\/siv-sketches.net\/wp-content\/uploads\/2021\/10\/Nov15LN-articleInline-C-400-254x300.jpg 254w, https:\/\/siv-sketches.net\/wp-content\/uploads\/2021\/10\/Nov15LN-articleInline-C-400.jpg 400w\" sizes=\"auto, (max-width: 254px) 100vw, 254px\" \/><\/a><p id=\"caption-attachment-29443\" class=\"wp-caption-text\">The event drew hundreds of thousands of people to Washington D.C. on Nov 15, 1969<\/p><\/div>\n<p>There were people of all ages and we were all freezing. However, we kept singing and listening, standing up most of the time, but sometimes sitting down on the cold grass.<\/p>\n<p>The corporate media said afterwards that there were 20,000 people, but WBAI, our listener sponsored radio station (Radio Pacifica) that Allyn and I listened to every day, said it was completely false and that there were certainly over 100,000 demonstrators in DC that day. I see today on the Internet that there were half a million protesters in Washington D.C. that day.<sup class='footnote'><a href='#fn-17870-2' id='fnref-17870-2' onclick='return fdfootnote_show(17870)'>2<\/a><\/sup><\/p>\n<p style=\"text-align: center;\">______________________<\/p>\n<p>In those days I was in love with all the various peace singers. My absolute favorite as a poet and a singer is and was Bob Dylan, but I suppose he should be considered in a class by himself. However, &#8216;Blowin&#8217; in the Wind&#8217; is a clear anti-war song:<\/p>\n<p>How many roads must a man walk down<br>Before you call him a man?<br>How many seas must a white dove sail<br>Before she sleeps in the sand?<br>Yes, how many times must the cannon balls fly<br>Before they&#8217;re forever banned?<br>The answer my friend is blowin&#8217; in the wind<br>The answer is blowin&#8217; in the wind.<\/p>\n<p>I love it and so did the kids at my first summer camp with Allyn, Camp Winamac in New Hampshire. Young people in that day went wild about the song and you heard it everywhere. You couldn&#8217;t tune it out. Another song that really made it that year was &#8216;<a href=\"http:\/\/www.allmusic.com\/song\/puff-the-magic-dragon-mt0000536127\/lyrics\">Puff &#8212; the Magic Dragon<\/a>&#8216;, sung by Peter, Paul and Mary and written by Peter Yarrow and Leonard Lipton. I believe most kids sang it innocently not really knowing that it was all about pot and drugs. Well, maybe I&#8217;m na\u00efve and maybe they were not all that innocent after all.<\/p>\n<p>Pete Seeger was of course the number one peace singer, known to everybody, it seems to me. He also has a voice that is far better than Bob Dylan who doesn&#8217;t have much of a voice in fact. And yet I love him. There is the great Tom Paxton. His so simple and effective words in &#8220;What Did You Learn in School Today?&#8221; really sum up what is and was wrong with the United States government and its policies.<\/p>\n<p>What did you learn in school today,<br>Dear little boy of mine?<br>What did you learn in school today,<br>Dear little boy of mine?<br>I learned that Washington never told a lie.<br>I learned that soldiers seldom die.<br>I learned that everybody&#8217;s free.<br>And that&#8217;s what the teacher said to me.<br>That&#8217;s what I learned in school today.<br>That&#8217;s what I learned in school.<\/p>\n<p>Tom Paxton also wrote the other wonderful anti-war song, the one that touches on Germany and Germans, &#8220;We Didn\u2019t Know&#8221;:<\/p>\n<p>We didn\u2019t know said the burgermeister<br>About those camps on the edge of town<br>It was Hitler and his crew tore the German Nation down<br>We saw the cattle cars it\u2019s true<br>And maybe they carried a Jew or two<br>They woke us up as they rattled through<br>What did you expect me to do?<\/p>\n<p>We didn\u2019t know it all<br>We didn\u2019t see a thing<br>You can\u2019t hold us to blame<br>What could we do?<br>It was a terrible shame<br>But we can\u2019t bear the blame<br>Oh no, not us, we didn\u2019t know.<\/p>\n<p>Other favorites of mine were Phil Ochs, Joan Baez and Judy Collins. Joan Baez may not have had as good a voice as Judy Collins, but she could certainly arouse a crowd. And there was, of course, the wonderful trio &#8220;Peter, Paul and Mary&#8221;, whom we were even very lucky to hear in Mamaroneck at our candle vigil, some time very soon after the November &#8217;69 Moratorium in Washingon D.C.<\/p>\n<p>Phil Ochs ended up very sadly, committing suicide at the age of 35. He left us with lots of beautiful songs however and we will never forget him and his cowboy way of singing. &#8220;I ain&#8217;t Marching Any More&#8221; is one of his most moving songs.<\/p>\n<p><br><i>&#8220;Call it peace or call it treason \/ call it love or call it reason \/ but I ain&#8217;t marching anymore&#8221;<\/i><\/p>\n<p>Those were words we were dying to hear and that could rouse any peace-loving crowd in the Vietnam war years.<\/p>\n<p>Peter, Paul and Mary sang &#8216;Blowing in the Wind&#8217;, &#8216;This Land is Your Land,&#8217; but, above all they sang &#8216;Where Have All the Flowers Gone?&#8217;<\/p>\n<p>In the fourth stanza they have gone from flowers to young girls, to young men and to soldiers &#8211; (and later to graveyards).<\/p>\n<p>And where have all the soldiers gone, long time passing?<br>Where have all the soldiers gone, a long time ago?<br>Where have all the soldiers gone?<br>Gone to graveyards, every one!<br>When will they ever learn, when will they ever learn?<\/p>\n<div id=\"attachment_787\" style=\"width: 225px\" class=\"wp-caption alignright fbx-instance\"><a class=\"fbx-link\" href=\"http:\/\/siv-sketches.net\/wp-content\/uploads\/2014\/04\/marlene_dietrich.jpg\"><img loading=\"lazy\" decoding=\"async\" aria-describedby=\"caption-attachment-787\" class=\" wp-image-787 \" src=\"https:\/\/siv-sketches.net\/wp-content\/uploads\/2014\/04\/marlene_dietrich-239x300.jpg\" alt=\"Marlene Dietrich (Wikipedia)\" width=\"215\" height=\"270\" srcset=\"https:\/\/siv-sketches.net\/wp-content\/uploads\/2014\/04\/marlene_dietrich-239x300.jpg 239w, https:\/\/siv-sketches.net\/wp-content\/uploads\/2014\/04\/marlene_dietrich.jpg 330w\" sizes=\"auto, (max-width: 215px) 100vw, 215px\" \/><\/a><p id=\"caption-attachment-787\" class=\"wp-caption-text\">Marlene Dietrich (Wikipedia)<\/p><\/div>\n<p>But the most fascinating singer of this song was certainly Marlene Dietrich. The song was superbly translated into German \u2014 &#8216;&#8221;Sag mir wo die Blumen sind&#8221;&#8216;. Marlene keeps changing the key constantly, which you may or may not like. It\u2019s a bit artificial, but Marlene Dietrich is a phenomenon; her sexy looks and her equally sexy voice. She also sang \u2018Blowing in the wind\u2019 \u2014 in English with just a slight German accent and with an accordion as accompaniment.<sup class='footnote'><a href='#fn-17870-3' id='fnref-17870-3' onclick='return fdfootnote_show(17870)'>3<\/a><\/sup><\/p>\n<p>Sag mir, wo die Blumen sind,<br>wo sind sie geblieben?<br>Sag mir, wo die Blumen sind,<br>was ist geschehn?<br>Sag mir, wo die Blumen sind,<br>M\u00e4dchen pfl\u00fcckten sie geschwind.<br>Wann wird man je verstehn,<br>wann wird man je verstehn? <sup class='footnote'><a href='#fn-17870-4' id='fnref-17870-4' onclick='return fdfootnote_show(17870)'>4<\/a><\/sup><\/p>\n<p><a href=\"http:\/\/en.wikipedia.org\/wiki\/Marlene_Dietrich\">Marlene Dietrich<\/a> has always fascinated me, ever since my very young years. I remember in Luxeuil I once mentioned to Ga\u00ebtane how good she looked. Ga\u00ebtane said &#8220;Oui, elle est bien conserv\u00e9e.&#8221; I learned a new word. Marlene (the final e softly pronounced) was in fact past 50 at the time, older than both my parents. I had seen her in &#8216;The Blue Angel&#8217; and I loved her. This eternally young and sexy woman with the enthralling alto voice fascinated the entire Western world. John actually saw her on the stage in New York City in the late sixties, but I never did. She became a U.S. citizen in \u201939 and \u201cthroughout World War II she was a high-profile front-line entertainer\u201d.<\/p>\n<p>I remember her singing &#8216;Lili Marleen&#8217;, the \u2018ear-hanger\u2019 (as we said in Swedish; &#8216;<em>\u00f6rh\u00e4nge&#8217;<\/em>) during the entire war. We usually spent our summer vacations during the war at my grandparents\u2019 place. One sunny day when I was drying dishes in the big kitchen, Grandpa heard me sing it. He came out and said with a happy smile that he loved to hear me sing &#8216;Lili Marleen&#8217;. It was his favorite song. Mine too, at the time. Everybody loved it. The song<sup class='footnote'><a href='#fn-17870-5' id='fnref-17870-5' onclick='return fdfootnote_show(17870)'>5<\/a><\/sup> was actually written during World War I, but was picked up again during the second World War.<\/p>\n<p>Vor der Kaserne, vor dem grossen Tor<br>steht eine Laterne und steht sie nach davor<br>da wollen wir uns wiedersehen<br>bei der Laterne wollen wir stehen<br>wie einst Lili Marleen<br>wie einst Lili Marleen<\/p>\n<p>Marlene Dietrich was very actively involved in the U.S. war activities against Nazi Germany in many different ways. But most importantly she performed for the Allied troops in Algeria, Italy, the UK, France and the Netherlands in 1944 &#8211; 45. Needless to say, the soldiers adored her.<\/p>\n<p>Marlene Dietrich was a phenomenon who can never be fathomed by those younger generations who never saw and heard her extremely sensuous alto voice.<\/p>\n<p><strong>&nbsp;<\/strong><strong>Continued:: <a href=\"https:\/\/siv-sketches.net\/?page_id=17837\">Chapter 15 (Part 3) \u2013Summer camps and sailing<\/a><\/strong><\/p>\n\n\n\n\n<div class='footnotes' id='footnotes-17870'><div class='footnotedivider'><\/div><ol><li id='fn-17870-1'>When Richard Nixon was reelected in 1972, I could hardly believe my eyes and ears. I had taken it for absolutely granted that he would lose to McGovern. But I was na\u00efve. <span class='footnotereverse'><a href='#fnref-17870-1'>&#8617;<\/a><\/span><\/li><li id='fn-17870-2'><a href=\"http:\/\/learning.blogs.nytimes.com\/2011\/11\/15\/nov-15-1969-anti-vietnam-war-demonstration-held\/?_r=0\"> Nov. 15, 1969, Anti-Vietnam War Demonstration Held<\/a> <span class='footnotereverse'><a href='#fnref-17870-2'>&#8617;<\/a><\/span><\/li><li id='fn-17870-3'> \u2018Blowing in the wind\u2019 <a href=\"https:\/\/www.youtube.com\/watch?v=OfOoo4vmEq4\">Youtube<\/a> <span class='footnotereverse'><a href='#fnref-17870-3'>&#8617;<\/a><\/span><\/li><li id='fn-17870-4'> Complete <a href=\"http:\/\/www.metrolyrics.com\/sag-mir-wo-die-blumen-sind-lyrics-marlene-dietrich.html\">lyrics in German<\/a> \u2014 Sag mir, wo die Blumen sind, <span class='footnotereverse'><a href='#fnref-17870-4'>&#8617;<\/a><\/span><\/li><li id='fn-17870-5'> <a href=\"https:\/\/www.youtube.com\/watch?v=ovuKegLweEc\">Lili Marleen in German<\/a>, sung by Marlene Dietrich. This is my favorite version. Her singing is perfect and I also prefer the accompaniment. <span class='footnotereverse'><a href='#fnref-17870-5'>&#8617;<\/a><\/span><\/li><\/ol><\/div>","protected":false},"excerpt":{"rendered":"<p>One evening in November 1969 Allyn and I were sitting around after dinner talking about a Vietnam War moratorium that was going to take place in Washington D.C. that very weekend, November 15. I suddenly said \u201cWhy don\u2019t we go?\u201d &hellip; <a href=\"https:\/\/siv-sketches.net\/?page_id=17870\">Continue reading <span class=\"meta-nav\">&rarr;<\/span><\/a><\/p>\n","protected":false},"author":1,"featured_media":0,"parent":381,"menu_order":1,"comment_status":"closed","ping_status":"closed","template":"","meta":{"ngg_post_thumbnail":0,"footnotes":""},"class_list":["post-17870","page","type-page","status-publish","hentry"],"_links":{"self":[{"href":"https:\/\/siv-sketches.net\/index.php?rest_route=\/wp\/v2\/pages\/17870","targetHints":{"allow":["GET"]}}],"collection":[{"href":"https:\/\/siv-sketches.net\/index.php?rest_route=\/wp\/v2\/pages"}],"about":[{"href":"https:\/\/siv-sketches.net\/index.php?rest_route=\/wp\/v2\/types\/page"}],"author":[{"embeddable":true,"href":"https:\/\/siv-sketches.net\/index.php?rest_route=\/wp\/v2\/users\/1"}],"replies":[{"embeddable":true,"href":"https:\/\/siv-sketches.net\/index.php?rest_route=%2Fwp%2Fv2%2Fcomments&post=17870"}],"version-history":[{"count":5,"href":"https:\/\/siv-sketches.net\/index.php?rest_route=\/wp\/v2\/pages\/17870\/revisions"}],"predecessor-version":[{"id":29467,"href":"https:\/\/siv-sketches.net\/index.php?rest_route=\/wp\/v2\/pages\/17870\/revisions\/29467"}],"up":[{"embeddable":true,"href":"https:\/\/siv-sketches.net\/index.php?rest_route=\/wp\/v2\/pages\/381"}],"wp:attachment":[{"href":"https:\/\/siv-sketches.net\/index.php?rest_route=%2Fwp%2Fv2%2Fmedia&parent=17870"}],"curies":[{"name":"wp","href":"https:\/\/api.w.org\/{rel}","templated":true}]}}