{"id":11237,"date":"2019-06-23T11:53:34","date_gmt":"2019-06-23T09:53:34","guid":{"rendered":"https:\/\/siv-sketches.net\/?page_id=11237"},"modified":"2025-02-19T14:28:35","modified_gmt":"2025-02-19T13:28:35","slug":"chapter-35part-5-flowers-in-the-austrian-alps","status":"publish","type":"page","link":"https:\/\/siv-sketches.net\/?page_id=11237","title":{"rendered":"Chapter 36 (Part 5) Flowers in the Austrian Alps"},"content":{"rendered":"<div class=\"pdfprnt-buttons pdfprnt-buttons-page pdfprnt-top-right\"><a href=\"https:\/\/siv-sketches.net\/index.php?rest_route=wpv2pages11237&print=print\" class=\"pdfprnt-button pdfprnt-button-print\" target=\"_blank\"><img decoding=\"async\" src=\"https:\/\/siv-sketches.net\/wp-content\/plugins\/pdf-print\/images\/print.png\" alt=\"image_print\" title=\"Print Content\" \/><\/a><\/div><div id=\"attachment_23434\" style=\"width: 412px\" class=\"wp-caption aligncenter\"><a href=\"https:\/\/siv-sketches.net\/wp-content\/uploads\/2021\/02\/sj86_32a011-aa.-B-550.jpg\"><img loading=\"lazy\" decoding=\"async\" aria-describedby=\"caption-attachment-23434\" class=\"wp-image-23434\" src=\"https:\/\/siv-sketches.net\/wp-content\/uploads\/2021\/02\/sj86_32a011-aa.-B-550.jpg\" alt=\"\" width=\"402\" height=\"260\"><\/a><p id=\"caption-attachment-23434\" class=\"wp-caption-text\">A gorgeous bunch of Feld-Kleinenzian, German gentian, on the way down from Totalph\u00fctte in 1986<\/p><\/div>\n<p>We found masses of wonderful flowers in the mountains, which added a lot to our love&nbsp; of our new kind of vacations. Most of those flowers we did not know before our Alpine days. And often even if we did know them, such as the pretty blue cornflower, the variations we found in the mountains were even more exquisite, larger or more delicate than in the valleys &#8212; violets, buttercups, daisies and many more. The Latin name for the ordinary cornflower, which I also like a lot, is <i><b>Centaurea cyanus<\/b><\/i>, The Latin name<\/p>\n<div id=\"attachment_11244\" style=\"width: 260px\" class=\"wp-caption alignleft fbx-instance\"><a class=\"fbx-link\" href=\"https:\/\/siv-sketches.net\/wp-content\/uploads\/2019\/06\/sj95_54b027-a-600.jpg\"><img loading=\"lazy\" decoding=\"async\" aria-describedby=\"caption-attachment-11244\" class=\"wp-image-11244\" src=\"https:\/\/siv-sketches.net\/wp-content\/uploads\/2019\/06\/sj95_54b027-a-600-300x190.jpg\" alt=\"\" width=\"250\" height=\"158\" srcset=\"https:\/\/siv-sketches.net\/wp-content\/uploads\/2019\/06\/sj95_54b027-a-600-300x190.jpg 300w, https:\/\/siv-sketches.net\/wp-content\/uploads\/2019\/06\/sj95_54b027-a-600-474x300.jpg 474w, https:\/\/siv-sketches.net\/wp-content\/uploads\/2019\/06\/sj95_54b027-a-600.jpg 600w\" sizes=\"auto, (max-width: 250px) 100vw, 250px\" \/><\/a><p id=\"caption-attachment-11244\" class=\"wp-caption-text\">An almost blue Berg-Flockenblume on the way to S\u00fcdschafgafall (most likely before you start the first real&nbsp; climb.<\/p><\/div>\n<p>&nbsp;of the blue (and sometimes more or less red) <em>Berg-Flockenblume<\/em> we see in the Alps &#8212; not very high up though &#8212; is <em>Centaurea montana<\/em> (Asteraceae). They look quite different, but I found it quite easy anyway to tell that those are siblings.<\/p>\n<p>We right away bought a flower book &#8212; in German of course &#8212; and that explains why I often have the German name in the first place. Our dear friend Jim (nicknamed Mossy) in a wonderfully friendly gesture bought us an&nbsp;English mountain flower book, since he and Sandy traveled to England and Scotland after having been staying with us and even coming to Brand with us as well, in 1988. That helped us a lot. We found that <em>Eisenhut<\/em> was monkshood and lots of useful names of flowers in English. Thank you again, dear Mossy. We miss you.<\/p>\n<div id=\"attachment_23928\" style=\"width: 250px\" class=\"wp-caption alignright\"><a href=\"https:\/\/siv-sketches.net\/wp-content\/uploads\/2021\/03\/sj81_19a060-aCC-600.jpg\"><img loading=\"lazy\" decoding=\"async\" aria-describedby=\"caption-attachment-23928\" class=\"wp-image-23928\" src=\"https:\/\/siv-sketches.net\/wp-content\/uploads\/2021\/03\/sj81_19a060-aCC-600-300x194.jpg\" alt=\"\" width=\"240\" height=\"155\" srcset=\"https:\/\/siv-sketches.net\/wp-content\/uploads\/2021\/03\/sj81_19a060-aCC-600-300x194.jpg 300w, https:\/\/siv-sketches.net\/wp-content\/uploads\/2021\/03\/sj81_19a060-aCC-600-465x300.jpg 465w, https:\/\/siv-sketches.net\/wp-content\/uploads\/2021\/03\/sj81_19a060-aCC-600.jpg 600w\" sizes=\"auto, (max-width: 240px) 100vw, 240px\" \/><\/a><p id=\"caption-attachment-23928\" class=\"wp-caption-text\">Cysanthemum alpinum, alpine daisy, which we came across close to Oberzalimh\u00fctte in 1981<\/p><\/div>\n<p>Back to mountain flowers in Austria.<\/p>\n<p>On the right is a photo from <em>Oberzalimweg<\/em> of four little <em>chrysanthemum alpinum<\/em> in 1981, which was the first time we saw these very special <em>marguerites<\/em>. <em>Oberzalimh\u00fctte<\/em> at <span class=\"st\">1889&nbsp;m was <\/span>one of our first walks direct from the valley &#8212; well, after we had gotten our mountain legs on easier walks. 800 m difference in altitude we found to be quite a big deal for us.<\/p>\n<p>We had fled from Gargellen in Montafontal since it was so snowed in that we could not even walk to a nice restaurant in the village. We had to eat a vastly over-salted <em>Zwiebelrostbraten mit Kartoffeln<\/em> at our own hotel while a snowstorm was going on outside. After that evening I called Frau K\u00f6niger (who later became Gerti to us) and asked if we could get to Brand one day earlier than planned. Yes, we could. We have rarely been as happy as that time to arrive at <em>Haus Kella-Egg<\/em>. There was a lot of snow up in the mountains, but none in Brand which is quite a bit lower in altitude than Gargellen.&nbsp;<\/p>\n<div id=\"attachment_23837\" style=\"width: 249px\" class=\"wp-caption alignleft\"><a href=\"https:\/\/siv-sketches.net\/wp-content\/uploads\/2021\/03\/sj85_27b068-CC-cr-550.jpg\"><img loading=\"lazy\" decoding=\"async\" aria-describedby=\"caption-attachment-23837\" class=\"wp-image-23837\" src=\"https:\/\/siv-sketches.net\/wp-content\/uploads\/2021\/03\/sj85_27b068-CC-cr-550-300x215.jpg\" alt=\"\" width=\"239\" height=\"172\" srcset=\"https:\/\/siv-sketches.net\/wp-content\/uploads\/2021\/03\/sj85_27b068-CC-cr-550-300x215.jpg 300w, https:\/\/siv-sketches.net\/wp-content\/uploads\/2021\/03\/sj85_27b068-CC-cr-550-418x300.jpg 418w, https:\/\/siv-sketches.net\/wp-content\/uploads\/2021\/03\/sj85_27b068-CC-cr-550.jpg 550w\" sizes=\"auto, (max-width: 239px) 100vw, 239px\" \/><\/a><p id=\"caption-attachment-23837\" class=\"wp-caption-text\">The most intense purple color for a Feld-Kleinenzian0 we ever saw &#8212; on the way to Schillerkopf with Froitz and Renate in 1985.<\/p><\/div>\n<p>The&nbsp; two kinds of flowers that were more or less new to us, and also striking in all the varied species we got to know, were orchids and gentians. Gentians from the tiny intensely blue <em>Kleinenzian<\/em> and the sweet little light purple <em>Feld-Kleinenzian<\/em> (photo left) to the highly impressive <em>Purpurenzian<\/em> (somewhat wrongly translated as &#8216;purple gentian&#8217; since it is actually deep red &#8212; second gallery) and the more commonly seen &#8216;grand yellow gentian&#8217; (second and third galleries). And grand it is.<\/p>\n<p>&nbsp;<\/p>\n<div id=\"attachment_24227\" style=\"width: 250px\" class=\"wp-caption alignright\"><a href=\"https:\/\/siv-sketches.net\/wp-content\/uploads\/2021\/03\/sj86_31b030-BB-550.jpg\"><img loading=\"lazy\" decoding=\"async\" aria-describedby=\"caption-attachment-24227\" class=\"wp-image-24227\" src=\"https:\/\/siv-sketches.net\/wp-content\/uploads\/2021\/03\/sj86_31b030-BB-550-300x190.jpg\" alt=\"\" width=\"240\" height=\"152\" srcset=\"https:\/\/siv-sketches.net\/wp-content\/uploads\/2021\/03\/sj86_31b030-BB-550-300x190.jpg 300w, https:\/\/siv-sketches.net\/wp-content\/uploads\/2021\/03\/sj86_31b030-BB-550-474x300.jpg 474w, https:\/\/siv-sketches.net\/wp-content\/uploads\/2021\/03\/sj86_31b030-BB-550.jpg 550w\" sizes=\"auto, (max-width: 240px) 100vw, 240px\" \/><\/a><p id=\"caption-attachment-24227\" class=\"wp-caption-text\">Schwalbenwurz-Enzian (Gentiana asclepiadea, a surprise new kind of genrian in Lorentiital &#8212; 1986<\/p><\/div>\n<p>We learned to recognize a gentian, even one we had never seen &#8212; as it happened when, in Lorenzital in 1986, we hit on the intensely blue and big willow gentian, <em>Schwalbenwurz-Enzian<\/em> (<em>Gentiana asclepiadea<\/em> &#8211;third gallery).<\/p>\n<p>Among the orchids, the ones you see most often are the <em>Kuckucksblumen<\/em> of various kinds, some very similar for some reason called <em>Knabenkraut<\/em>, a name which to me seems to indicate how very common they are. They are all orchids, Orchidaceae.<\/p>\n<p>An orchid that we saw only in two places and that I found to be the most exquisite was the exquisite <em>Schwarzrote Sitter,<\/em> &#8220;royal or dark-red helleborine&#8221; (<i>Epipactis atrorubens<\/i> &#8212;&nbsp; in second gallery), which smells of vanilla. The names are odd, since it is neither <em>schwarzrot <\/em>nor deep red, but names are names.&nbsp; Once we found it on the way to the <em>Jagdh\u00fctte<\/em> in the <em>Fluralp<\/em>, and a couple of times we walked down the road to the little chapel close to the tunnel-like &#8216;gallery&#8217;, where we had been told we would find this to us unusual and beautiful orchid. And of course we did, but I haven&#8217;t found the photos I took there..&nbsp;<\/p>\n<p>The &#8216;gallery&#8217; was built over the highway to protect it from landslides, of which there had been several, some of them very serious. There was one in the early 90s that completely demolished the road, and we had to drive on narrow little forest roads east of the main road for that entire year to get to Bludenz or anywhere at all.<\/p>\n<div id=\"attachment_24114\" style=\"width: 250px\" class=\"wp-caption alignleft\"><a href=\"https:\/\/siv-sketches.net\/wp-content\/uploads\/2021\/03\/sj95_54b030-BB-550.jpg\"><img loading=\"lazy\" decoding=\"async\" aria-describedby=\"caption-attachment-24114\" class=\"wp-image-24114\" src=\"https:\/\/siv-sketches.net\/wp-content\/uploads\/2021\/03\/sj95_54b030-BB-550-300x197.jpg\" alt=\"\" width=\"240\" height=\"158\" srcset=\"https:\/\/siv-sketches.net\/wp-content\/uploads\/2021\/03\/sj95_54b030-BB-550-300x197.jpg 300w, https:\/\/siv-sketches.net\/wp-content\/uploads\/2021\/03\/sj95_54b030-BB-550-456x300.jpg 456w, https:\/\/siv-sketches.net\/wp-content\/uploads\/2021\/03\/sj95_54b030-BB-550.jpg 550w\" sizes=\"auto, (max-width: 240px) 100vw, 240px\" \/><\/a><p id=\"caption-attachment-24114\" class=\"wp-caption-text\">My wonderful Alpenaster, first seen in Saulajoch, and the also at Amatschojoch and other places, occasionally<\/p><\/div>\n<p>I will add to all the various gentians and orchids &#8212; all of them very special in their own way &#8212; the Alpen Troddelblume (<i>Soldanella alpina<\/i>) and the adorable little Alpen-Aster (<i>Aster alpinus<\/i>), which is a little more common than the Troddelblume, those are indeed among my most favorite flowers in the Alps.<\/p>\n<p>&nbsp;<\/p>\n<p>&nbsp;<\/p>\n<div id=\"attachment_24120\" style=\"width: 249px\" class=\"wp-caption alignright\"><a href=\"https:\/\/siv-sketches.net\/wp-content\/uploads\/2021\/03\/sj81_19b053.-cr-a-BB-ecre550.jpg\"><img loading=\"lazy\" decoding=\"async\" aria-describedby=\"caption-attachment-24120\" class=\"wp-image-24120\" src=\"https:\/\/siv-sketches.net\/wp-content\/uploads\/2021\/03\/sj81_19b053.-cr-a-BB-ecre550-300x215.jpg\" alt=\"\" width=\"239\" height=\"172\" srcset=\"https:\/\/siv-sketches.net\/wp-content\/uploads\/2021\/03\/sj81_19b053.-cr-a-BB-ecre550-300x215.jpg 300w, https:\/\/siv-sketches.net\/wp-content\/uploads\/2021\/03\/sj81_19b053.-cr-a-BB-ecre550-418x300.jpg 418w, https:\/\/siv-sketches.net\/wp-content\/uploads\/2021\/03\/sj81_19b053.-cr-a-BB-ecre550.jpg 550w\" sizes=\"auto, (max-width: 239px) 100vw, 239px\" \/><\/a><p id=\"caption-attachment-24120\" class=\"wp-caption-text\">Here the delicate Troddelblume or soldanella (alpina) first also seen at the entrance to Saylajoch<\/p><\/div>\n<p>Definitely not to be forgotten though, is the <em>Ranunculus glacialis<\/em>, <em>isranunkel<\/em>, <em>Gletscher Hahnenfuss,<\/em> glacier buttercup. The most unexpected thing happened on one of our walks around L\u00fcnersee in 1985 when we hit on a <em>Ranunculus glacialis<\/em>. You just don&#8217;t expect to see them where there is no snow or ice close by.<\/p>\n<p>The very first time we came across an <em>isranunkel<\/em> was at the foot of the last climb up to Saarbr\u00fcckenerh\u00fctte in 1981. The next time we saw it was close to Totalph\u00fctte, also in &#8217;81, not very surprising, but still a remarkable event.<\/p>\n<div id=\"attachment_11601\" style=\"width: 260px\" class=\"wp-caption alignright fbx-instance\"><a class=\"fbx-link\" href=\"https:\/\/siv-sketches.net\/wp-content\/uploads\/2019\/07\/sj85_27b048-bb-cr-600.jpg\"><img loading=\"lazy\" decoding=\"async\" aria-describedby=\"caption-attachment-11601\" class=\"wp-image-11601\" src=\"https:\/\/siv-sketches.net\/wp-content\/uploads\/2019\/07\/sj85_27b048-bb-cr-600-300x204.jpg\" alt=\"\" width=\"250\" height=\"170\" srcset=\"https:\/\/siv-sketches.net\/wp-content\/uploads\/2019\/07\/sj85_27b048-bb-cr-600-300x204.jpg 300w, https:\/\/siv-sketches.net\/wp-content\/uploads\/2019\/07\/sj85_27b048-bb-cr-600-441x300.jpg 441w, https:\/\/siv-sketches.net\/wp-content\/uploads\/2019\/07\/sj85_27b048-bb-cr-600.jpg 600w\" sizes=\"auto, (max-width: 250px) 100vw, 250px\" \/><\/a><p id=\"caption-attachment-11601\" class=\"wp-caption-text\">My wonderful isranunkel (ranunculus glacialis) by L\u00fcnersee, 1985<\/p><\/div>\n<p>Then, one day in 1985, as we were walking around L\u00fcnersee, which was usually our first walk in Brand of any size at all, I spotted this little group of <em>Ranunculus glacialis<\/em>, <em>Gletscher Hahnenfuss,<\/em> up on a slope. I swoon every time I come across this exquisite and rare flower, and it always reminds me of my days of youth in the Lapland mountains with my family. It will always be<em> isranunkel<\/em> to me, no matter how many other languages I know of for this precious flower. The photo is a bit careless. I guess I was so excited I didn&#8217;t get the gorgeous flowers centered right. The best photo&nbsp; I ever took of this rare flower was in 1981 at the Saarbr\u00fcckener H\u00fctte, and it is in the first gallery in this chapter.<\/p>\n<div id=\"attachment_11641\" style=\"width: 260px\" class=\"wp-caption alignleft fbx-instance\"><a class=\"fbx-link\" href=\"https:\/\/siv-sketches.net\/wp-content\/uploads\/2019\/07\/lap03_3035-b-570.jpg\"><img loading=\"lazy\" decoding=\"async\" aria-describedby=\"caption-attachment-11641\" class=\"wp-image-11641\" src=\"https:\/\/siv-sketches.net\/wp-content\/uploads\/2019\/07\/lap03_3035-b-570-300x223.jpg\" alt=\"\" width=\"250\" height=\"186\" srcset=\"https:\/\/siv-sketches.net\/wp-content\/uploads\/2019\/07\/lap03_3035-b-570-300x223.jpg 300w, https:\/\/siv-sketches.net\/wp-content\/uploads\/2019\/07\/lap03_3035-b-570-404x300.jpg 404w, https:\/\/siv-sketches.net\/wp-content\/uploads\/2019\/07\/lap03_3035-b-570.jpg 570w\" sizes=\"auto, (max-width: 250px) 100vw, 250px\" \/><\/a><p id=\"caption-attachment-11641\" class=\"wp-caption-text\">Photo of linnea (linnaea borealis) from Saltoluokta, Lapland, 2003<\/p><\/div>\n<p>Orchids and gentians are fairly easy to recognize without any Linn\u00e9-system of botanizing.<\/p>\n<p>For Non-Swedes he is Linnaeus, but for us Swedes he is, or was,&nbsp; Carl von Linn\u00e9, the amazingly adept botanic class and family organizer of the flora, mostly in Europe. (He was actually a medical doctor as well.)<\/p>\n<p>One flower he gave his own name, the <em>linnea,<\/em> which I believe is not found outside Scandinavia. You will find it in the birch forests below the high mountains in the <em>fj\u00e4ll <\/em>regions in Lapland, and it is not at all uncommon. <em>Fj\u00e4ll = the <\/em>high and often snow-covered mountains in northern Sweden, and in Norway even on lower latitudes.<\/p>\n<p>Flowers from our hikes in the 80s<\/p>\n<p>ngg_shortcode_0_placeholderFlowers from the 90s to 2000<\/p>\n<p>ngg_shortcode_1_placeholderIn Montafontal in 1981 we had first been in Silbertal and we had made two memorable hikes, to Saarbr\u00fcckenerh\u00fctte and to Tilisunah\u00fctte. From Saarbr\u00fcckenerh\u00fctte we saw the only flowing glacier we ever saw in Austria. Two others we have seen were in the valley close to Galdh\u00f6piggen in Norway (on a hike from Leirvassbu to Spiterstuen), in 1982, gorgeous bluish-green glaciers that have most likely today flowed into the valley as melted ice and snow.&nbsp;<\/p>\n<div id=\"attachment_10302\" style=\"width: 394px\" class=\"wp-caption aligncenter fbx-instance\"><a class=\"fbx-link\" href=\"https:\/\/siv-sketches.net\/wp-content\/uploads\/2019\/05\/sj81_19b068-a-550.jpg\"><img loading=\"lazy\" decoding=\"async\" aria-describedby=\"caption-attachment-10302\" class=\"wp-image-10302\" src=\"https:\/\/siv-sketches.net\/wp-content\/uploads\/2019\/05\/sj81_19b068-a-550.jpg\" alt=\"\" width=\"384\" height=\"255\"><\/a><p id=\"caption-attachment-10302\" class=\"wp-caption-text\">Zoom from Saarbr\u00fcckenerh\u00fctte in 1981 over part of the mountain in the south, with the impressive glacier that continues in the snowfield in the foreground; indicated by the big crack in the snow\/ice.<\/p><\/div>\n<p>The two things that still today stand out from the walk to <em>Saarbr\u00fcckenerh\u00fctte<\/em> were the adorable little group of glacier buttercups (ranunculus glacialis, <em>isranunkel<\/em>) and the wonderful view from the <em>H\u00fctte<\/em> over mountains and an impressive glacier in the south.<\/p>\n<p>On our trekking in the Swedish <em>fj\u00e4ll<\/em> (high mountains) in northern Lapland in my youth, we saw &#8216;<em>isranunkel<\/em>&#8216; on and off, and it was always a big event when we did. And so it was in the R\u00e4tikon Alps. The same for the little blue-blue gentians, so blue that they practically call out to you. Gentians are not at all seen in Lapland in the masses and in all the varieties that we see in the Austrian Alps &#8212;&nbsp; various blues, various yellows and various reds. John and I once talked to sister Gun about yellow or red gentians. Gun said No, gentians are blue. Well, that depends. In Lapland they are.<\/p>\n<p>Back to Saarbr\u00fcckener. A decade or so later, we got&nbsp; back to&nbsp;Saarbr\u00fcckenerh\u00fctte with Fritz and Renate but, very sadly, the glaciers were gone. We loved both walks, even though the way to Saarbr\u00fcckenerh\u00fctte was a bit stony. We had to balance on big stones the way I remember it from Lapland with my family when I was 14. That was the day we saw the thousands of reindeer on the other side of the valley down below that we were following, and we said that the mountain was moving.<\/p>\n<div id=\"attachment_11643\" style=\"width: 399px\" class=\"wp-caption aligncenter fbx-instance\"><a class=\"fbx-link\" href=\"https:\/\/siv-sketches.net\/wp-content\/uploads\/2019\/07\/sj87_34b025-aa-600.jpg\"><img loading=\"lazy\" decoding=\"async\" aria-describedby=\"caption-attachment-11643\" class=\" wp-image-11643\" src=\"https:\/\/siv-sketches.net\/wp-content\/uploads\/2019\/07\/sj87_34b025-aa-600.jpg\" alt=\"\" width=\"389\" height=\"252\"><\/a><p id=\"caption-attachment-11643\" class=\"wp-caption-text\">HISTORY&#8211; This man and his horse were replaced in the 90s,by a helicopter, which daily delivers goods to the H\u00fctte high up at the top of Sarotlatal (6011&nbsp; m). The man made the long and tiring trip every day with his tired-looking horse &#8212; for decades.<\/p><\/div>\n<p>Miscellaneous photos of nature and flowers<\/p>\n<p>ngg_shortcode_2_placeholder<strong>Continued: <a href=\"https:\/\/siv-sketches.net\/?page_id=24974\">Chapter 37 (Part 1) &#8212; Ireland and Bloomsday<\/a><\/strong><\/p>\n<p>&nbsp;<\/p>\n","protected":false},"excerpt":{"rendered":"<p>We found masses of wonderful flowers in the mountains, which added a lot to our love&nbsp; of our new kind of vacations. Most of those flowers we did not know before our Alpine days. And often even if we did &hellip; <a href=\"https:\/\/siv-sketches.net\/?page_id=11237\">Continue reading <span class=\"meta-nav\">&rarr;<\/span><\/a><\/p>\n","protected":false},"author":1,"featured_media":0,"parent":10883,"menu_order":4,"comment_status":"closed","ping_status":"closed","template":"","meta":{"ngg_post_thumbnail":0,"footnotes":""},"class_list":["post-11237","page","type-page","status-publish","hentry"],"_links":{"self":[{"href":"https:\/\/siv-sketches.net\/index.php?rest_route=\/wp\/v2\/pages\/11237","targetHints":{"allow":["GET"]}}],"collection":[{"href":"https:\/\/siv-sketches.net\/index.php?rest_route=\/wp\/v2\/pages"}],"about":[{"href":"https:\/\/siv-sketches.net\/index.php?rest_route=\/wp\/v2\/types\/page"}],"author":[{"embeddable":true,"href":"https:\/\/siv-sketches.net\/index.php?rest_route=\/wp\/v2\/users\/1"}],"replies":[{"embeddable":true,"href":"https:\/\/siv-sketches.net\/index.php?rest_route=%2Fwp%2Fv2%2Fcomments&post=11237"}],"version-history":[{"count":6,"href":"https:\/\/siv-sketches.net\/index.php?rest_route=\/wp\/v2\/pages\/11237\/revisions"}],"predecessor-version":[{"id":32582,"href":"https:\/\/siv-sketches.net\/index.php?rest_route=\/wp\/v2\/pages\/11237\/revisions\/32582"}],"up":[{"embeddable":true,"href":"https:\/\/siv-sketches.net\/index.php?rest_route=\/wp\/v2\/pages\/10883"}],"wp:attachment":[{"href":"https:\/\/siv-sketches.net\/index.php?rest_route=%2Fwp%2Fv2%2Fmedia&parent=11237"}],"curies":[{"name":"wp","href":"https:\/\/api.w.org\/{rel}","templated":true}]}}